{"id":77,"date":"2020-06-30T16:11:38","date_gmt":"2020-06-30T15:11:38","guid":{"rendered":"https:\/\/powerparts.shop\/?post_type=product&#038;p=77"},"modified":"2024-10-31T10:52:53","modified_gmt":"2024-10-31T09:52:53","slug":"details-zu-doppel-zuendverteiler-bosch-technik-twin-plug-distributor-fuer-porsche-911-rs-rsr","status":"publish","type":"product","link":"https:\/\/powerparts.shop\/en\/product\/details-zu-doppel-zuendverteiler-bosch-technik-twin-plug-distributor-fuer-porsche-911-rs-rsr","title":{"rendered":"4.Pin starr \u00d830mm Doppel Z\u00fcndverteiler Twin Plug Distributor Bosch Style 935"},"content":{"rendered":"<p><strong>Reproduktion eines Bosch Doppel Z\u00fcndverteilers<\/strong> <strong>\u00a0<\/strong><\/p>\n<p><strong>f\u00fcr Porsche 935, 934\/5,\u00a0 RSR Turbo <\/strong>\u00a0<strong>\u00a0<\/strong><\/p>\n<p>&#8211; Doppel Z\u00fcndverteiler mit zwei Kreisl\u00e4ufen \u00a04 Pin (\u00d830mm)<\/p>\n<p>&#8211; Ohne Z\u00fcndverstellung \/ Fliehkraftregelung = starr<\/p>\n<p>&#8211; rechtsdrehend\u00a0\/ ( linksdrehend auf Anfrage )<\/p>\n<p>&#8211; Induktiv \/ kontaktlos<\/p>\n<p>&#8211; F\u00fcr Bosch Technik 6 oder 8 Pol\u00a0HKZ Steuerger\u00e4te<\/p>\n<div class=\"&quot;&quot;&quot;&quot;&quot;&quot;&quot;&quot;&quot;&quot;&quot;&quot;&quot;&quot;&quot;main_wrapper&quot;&quot;&quot;&quot;&quot;&quot;&quot;&quot;&quot;&quot;&quot;&quot;&quot;&quot;&quot;\">\n<div class=\"&quot;&quot;&quot;&quot;&quot;&quot;&quot;&quot;&quot;&quot;&quot;&quot;&quot;&quot;&quot;content-column&quot;&quot;&quot;&quot;&quot;&quot;&quot;&quot;&quot;&quot;&quot;&quot;&quot;&quot;&quot;\">\n<div class=\"&quot;&quot;&quot;&quot;&quot;&quot;&quot;&quot;&quot;&quot;&quot;&quot;&quot;&quot;&quot;cm_elem&quot;&quot;&quot;&quot;&quot;&quot;&quot;&quot;&quot;&quot;&quot;&quot;&quot;&quot;\">\n<div class=\"&quot;&quot;&quot;&quot;&quot;&quot;&quot;&quot;&quot;&quot;&quot;&quot;&quot;&quot;&quot;container&quot;&quot;&quot;&quot;&quot;&quot;&quot;&quot;&quot;&quot;&quot;&quot;&quot;&quot;&quot;\">\n<div class=\"&quot;&quot;&quot;&quot;&quot;&quot;&quot;&quot;&quot;&quot;&quot;&quot;&quot;&quot;&quot;details&quot;&quot;&quot;&quot;&quot;&quot;&quot;&quot;&quot;&quot;&quot;&quot;&quot;&quot;\">\n<div id=\"&quot;&quot;&quot;&quot;&quot;&quot;&quot;&quot;&quot;&quot;&quot;&quot;&quot;&quot;&quot;detailTabContent&quot;&quot;&quot;&quot;&quot;&quot;&quot;&quot;&quot;&quot;&quot;&quot;&quot;&quot;&quot;\" class=\"&quot;&quot;&quot;&quot;&quot;&quot;&quot;&quot;&quot;&quot;&quot;&quot;&quot;&quot;&quot;tab-content&quot;&quot;&quot;&quot;&quot;&quot;&quot;&quot;&quot;&quot;&quot;&quot;&quot;&quot;&quot;\">\n<div id=\"&quot;&quot;&quot;&quot;&quot;&quot;&quot;&quot;&quot;&quot;&quot;&quot;&quot;&quot;&quot;description&quot;&quot;&quot;&quot;&quot;&quot;&quot;&quot;&quot;&quot;&quot;&quot;&quot;&quot;&quot;\" class=\"&quot;&quot;&quot;&quot;&quot;&quot;&quot;&quot;&quot;&quot;&quot;&quot;&quot;&quot;&quot;tab-pane&quot;&quot;&quot;&quot;&quot;&quot;&quot;&quot;&quot;&quot;&quot;&quot;&quot;&quot;\" role=\"&quot;&quot;&quot;&quot;&quot;&quot;&quot;&quot;&quot;&quot;&quot;&quot;&quot;&quot;&quot;tabpanel&quot;&quot;&quot;&quot;&quot;&quot;&quot;&quot;&quot;&quot;&quot;&quot;&quot;&quot;&quot;\">\n<div class=\"&quot;&quot;&quot;&quot;&quot;&quot;&quot;&quot;&quot;&quot;&quot;&quot;&quot;&quot;&quot;product-description&quot;&quot;&quot;&quot;&quot;&quot;&quot;&quot;&quot;&quot;&quot;&quot;&quot;&quot;&quot;\">-3-Fach gelagert<\/div>\n<div><\/div>\n<div class=\"&quot;&quot;&quot;&quot;&quot;&quot;&quot;&quot;&quot;&quot;&quot;&quot;&quot;&quot;&quot;product-description&quot;&quot;&quot;&quot;&quot;&quot;&quot;&quot;&quot;&quot;&quot;&quot;&quot;&quot;&quot;\">&#8211; Komplett inklusive mit Kappe und L\u00e4ufer<\/div>\n<div><\/div>\n<\/div>\n<\/div>\n<\/div>\n<\/div>\n<\/div>\n<\/div>\n<\/div>\n<p>Weltweit werden unsere Teile im historischen Rennsport erfolgreich eingesetzt.<\/p>\n<p>Made in Germany<\/p>\n<p>Wir bieten Ihnen ein 14 t\u00e4tiges R\u00fcckgaberecht an.<\/p>\n<p>Wir liefern weltweit.<\/p>\n<p>Der Verkauf erfolgt unter Beachtung der allgemeinen Gesch\u00e4ftsbedingungen.<\/p>\n<p>&nbsp;<\/p>","protected":false},"excerpt":{"rendered":"<p>Reproduktion eines Bosch Doppel Z\u00fcndverteilers \u00a0 f\u00fcr Porsche 935, 934\/5,\u00a0 RSR Turbo \u00a0\u00a0 &#8211; Doppel Z\u00fcndverteiler mit zwei Kreisl\u00e4ufen \u00a04 Pin (\u00d830mm) &#8211; Ohne Z\u00fcndverstellung \/ Fliehkraftregelung = starr &#8211; rechtsdrehend\u00a0\/ ( linksdrehend auf Anfrage ) &#8211; Induktiv \/ kontaktlos &#8211; F\u00fcr Bosch Technik 6 oder 8 Pol\u00a0HKZ Steuerger\u00e4te -3-Fach gelagert &#8211; Komplett inklusive mit [&#8230;]<\/p>","protected":false},"featured_media":5306,"comment_status":"open","ping_status":"closed","template":"","meta":[],"product_cat":[249],"product_tag":[],"_links":{"self":[{"href":"https:\/\/powerparts.shop\/en\/wp-json\/wp\/v2\/product\/77"}],"collection":[{"href":"https:\/\/powerparts.shop\/en\/wp-json\/wp\/v2\/product"}],"about":[{"href":"https:\/\/powerparts.shop\/en\/wp-json\/wp\/v2\/types\/product"}],"replies":[{"embeddable":true,"href":"https:\/\/powerparts.shop\/en\/wp-json\/wp\/v2\/comments?post=77"}],"wp:featuredmedia":[{"embeddable":true,"href":"https:\/\/powerparts.shop\/en\/wp-json\/wp\/v2\/media\/5306"}],"wp:attachment":[{"href":"https:\/\/powerparts.shop\/en\/wp-json\/wp\/v2\/media?parent=77"}],"wp:term":[{"taxonomy":"product_cat","embeddable":true,"href":"https:\/\/powerparts.shop\/en\/wp-json\/wp\/v2\/product_cat?post=77"},{"taxonomy":"product_tag","embeddable":true,"href":"https:\/\/powerparts.shop\/en\/wp-json\/wp\/v2\/product_tag?post=77"}],"curies":[{"name":"wp","href":"https:\/\/api.w.org\/{rel}","templated":true}]}}