{"id":5722,"date":"2020-07-21T15:58:12","date_gmt":"2020-07-21T14:58:12","guid":{"rendered":"https:\/\/powerparts.shop\/?post_type=product&#038;p=5722"},"modified":"2023-03-29T08:31:40","modified_gmt":"2023-03-29T07:31:40","slug":"riemenscheibe-crankshaft-pulley","status":"publish","type":"product","link":"https:\/\/powerparts.shop\/en\/product\/riemenscheibe-crankshaft-pulley","title":{"rendered":"Riemenscheibe  \/crankshaft \u00a0pulley"},"content":{"rendered":"<p>Riemenscheibe \u00a0\u00d8115mm \/crankshaft \u00a0pulley<\/p>\n<p>f\u00fcr Porsche 911R, ST, RS, RSR,914\/6 GT \u00a0Turbo 934 \u00a0935\u00a0 F \/ G Modelle<\/p>\n<p>Weltweit werden unsere Teile im historischen Rennsport erfolgreich eingesetzt.<\/p>\n<p>Made in Germany<\/p>\n<p>Wir bieten Ihnen ein 14 t\u00e4tiges R\u00fcckgaberecht an.<\/p>\n<p>Wir liefern weltweit.<\/p>\n<p>Der Verkauf erfolgt unter Beachtung der allgemeinen Gesch\u00e4ftsbedingungen.<\/p>\n<p>Passend f\u00fcr: Kurze Stahlschwingen RS und RSR oder 930 Turboschwingen.<\/p>","protected":false},"excerpt":{"rendered":"<p>Riemenscheibe \u00a0\u00d8115mm \/crankshaft \u00a0pulley f\u00fcr Porsche 911R, ST, RS, RSR,914\/6 GT \u00a0Turbo 934 \u00a0935\u00a0 F \/ G Modelle Weltweit werden unsere Teile im historischen Rennsport erfolgreich eingesetzt. Made in Germany Wir bieten Ihnen ein 14 t\u00e4tiges R\u00fcckgaberecht an. Wir liefern weltweit. Der Verkauf erfolgt unter Beachtung der allgemeinen Gesch\u00e4ftsbedingungen. Passend f\u00fcr: Kurze Stahlschwingen RS und [&#8230;]<\/p>","protected":false},"featured_media":5721,"comment_status":"open","ping_status":"closed","template":"","meta":[],"product_cat":[340],"product_tag":[],"_links":{"self":[{"href":"https:\/\/powerparts.shop\/en\/wp-json\/wp\/v2\/product\/5722"}],"collection":[{"href":"https:\/\/powerparts.shop\/en\/wp-json\/wp\/v2\/product"}],"about":[{"href":"https:\/\/powerparts.shop\/en\/wp-json\/wp\/v2\/types\/product"}],"replies":[{"embeddable":true,"href":"https:\/\/powerparts.shop\/en\/wp-json\/wp\/v2\/comments?post=5722"}],"wp:featuredmedia":[{"embeddable":true,"href":"https:\/\/powerparts.shop\/en\/wp-json\/wp\/v2\/media\/5721"}],"wp:attachment":[{"href":"https:\/\/powerparts.shop\/en\/wp-json\/wp\/v2\/media?parent=5722"}],"wp:term":[{"taxonomy":"product_cat","embeddable":true,"href":"https:\/\/powerparts.shop\/en\/wp-json\/wp\/v2\/product_cat?post=5722"},{"taxonomy":"product_tag","embeddable":true,"href":"https:\/\/powerparts.shop\/en\/wp-json\/wp\/v2\/product_tag?post=5722"}],"curies":[{"name":"wp","href":"https:\/\/api.w.org\/{rel}","templated":true}]}}