{"id":5701,"date":"2020-07-20T20:23:00","date_gmt":"2020-07-20T19:23:00","guid":{"rendered":"https:\/\/powerparts.shop\/?post_type=product&#038;p=5701"},"modified":"2023-03-29T08:29:54","modified_gmt":"2023-03-29T07:29:54","slug":"handbremse-hand-brake-set","status":"publish","type":"product","link":"https:\/\/powerparts.shop\/en\/product\/handbremse-hand-brake-set","title":{"rendered":"Handbremse \/ hand brake set"},"content":{"rendered":"<p>Handbremse \/ hand brake set<\/p>\n<p>f\u00fcr Porsche 911 RS, \u00a0RSR 2.8, 3.0 \u00a0\u00a0F \/ G Modelle<\/p>\n<p>der Handbremse passt f\u00fcr 911\/917 RSR Bremszangen hinten.<\/p>\n<p>Weltweit werden unsere Teile im historischen Rennsport erfolgreich eingesetzt.<\/p>\n<p>Made in Germany<\/p>\n<p>Wir bieten Ihnen ein 14 t\u00e4tiges R\u00fcckgaberecht an.<\/p>\n<p>Wir liefern weltweit.<\/p>\n<p>Der Verkauf erfolgt unter Beachtung der allgemeinen Gesch\u00e4ftsbedingungen.<\/p>\n<p>Passend f\u00fcr: Kurze Stahlschwingen RS und RSR oder 930 Turboschwingen.<\/p>\n<p><strong>\u00a0<\/strong><\/p>","protected":false},"excerpt":{"rendered":"<p>Handbremse \/ hand brake set f\u00fcr Porsche 911 RS, \u00a0RSR 2.8, 3.0 \u00a0\u00a0F \/ G Modelle der Handbremse passt f\u00fcr 911\/917 RSR Bremszangen hinten. Weltweit werden unsere Teile im historischen Rennsport erfolgreich eingesetzt. Made in Germany Wir bieten Ihnen ein 14 t\u00e4tiges R\u00fcckgaberecht an. Wir liefern weltweit. Der Verkauf erfolgt unter Beachtung der allgemeinen Gesch\u00e4ftsbedingungen. [&#8230;]<\/p>","protected":false},"featured_media":5699,"comment_status":"open","ping_status":"closed","template":"","meta":[],"product_cat":[19],"product_tag":[],"_links":{"self":[{"href":"https:\/\/powerparts.shop\/en\/wp-json\/wp\/v2\/product\/5701"}],"collection":[{"href":"https:\/\/powerparts.shop\/en\/wp-json\/wp\/v2\/product"}],"about":[{"href":"https:\/\/powerparts.shop\/en\/wp-json\/wp\/v2\/types\/product"}],"replies":[{"embeddable":true,"href":"https:\/\/powerparts.shop\/en\/wp-json\/wp\/v2\/comments?post=5701"}],"wp:featuredmedia":[{"embeddable":true,"href":"https:\/\/powerparts.shop\/en\/wp-json\/wp\/v2\/media\/5699"}],"wp:attachment":[{"href":"https:\/\/powerparts.shop\/en\/wp-json\/wp\/v2\/media?parent=5701"}],"wp:term":[{"taxonomy":"product_cat","embeddable":true,"href":"https:\/\/powerparts.shop\/en\/wp-json\/wp\/v2\/product_cat?post=5701"},{"taxonomy":"product_tag","embeddable":true,"href":"https:\/\/powerparts.shop\/en\/wp-json\/wp\/v2\/product_tag?post=5701"}],"curies":[{"name":"wp","href":"https:\/\/api.w.org\/{rel}","templated":true}]}}