{"id":5690,"date":"2020-07-20T19:36:43","date_gmt":"2020-07-20T18:36:43","guid":{"rendered":"https:\/\/powerparts.shop\/?post_type=product&#038;p=5690"},"modified":"2021-12-01T10:33:33","modified_gmt":"2021-12-01T09:33:33","slug":"mfi-benzin-pumpe-deckel-mechanical-fuel-injection-pump-cover","status":"publish","type":"product","link":"https:\/\/powerparts.shop\/en\/product\/mfi-benzin-pumpe-deckel-mechanical-fuel-injection-pump-cover","title":{"rendered":"MFI Benzin Pumpe Deckel \/ Mechanical Fuel Injection Pump Cover"},"content":{"rendered":"<p>Deckel f\u00fcr mechanische Einspritzpumpe \/ Mechanical Fuel Injection Pump Cover<\/p>\n<p>f\u00fcr Porsche 911 S, ST, RS, RSR, 914\/6 GT<\/p>\n<p>Weltweit werden unsere Teile im historischen Rennsport erfolgreich eingesetzt.<\/p>\n<p>Made in Germany<\/p>\n<p>Wir bieten Ihnen ein 14 t\u00e4tiges R\u00fcckgaberecht an.<\/p>\n<p>Wir liefern weltweit.<\/p>\n<p>Der Verkauf erfolgt unter Beachtung der allgemeinen Gesch\u00e4ftsbedingungen.<\/p>","protected":false},"excerpt":{"rendered":"<p>Deckel f\u00fcr mechanische Einspritzpumpe \/ Mechanical Fuel Injection Pump Cover f\u00fcr Porsche 911 S, ST, RS, RSR, 914\/6 GT Weltweit werden unsere Teile im historischen Rennsport erfolgreich eingesetzt. Made in Germany Wir bieten Ihnen ein 14 t\u00e4tiges R\u00fcckgaberecht an. Wir liefern weltweit. Der Verkauf erfolgt unter Beachtung der allgemeinen Gesch\u00e4ftsbedingungen.<\/p>","protected":false},"featured_media":5684,"comment_status":"open","ping_status":"closed","template":"","meta":[],"product_cat":[340],"product_tag":[],"_links":{"self":[{"href":"https:\/\/powerparts.shop\/en\/wp-json\/wp\/v2\/product\/5690"}],"collection":[{"href":"https:\/\/powerparts.shop\/en\/wp-json\/wp\/v2\/product"}],"about":[{"href":"https:\/\/powerparts.shop\/en\/wp-json\/wp\/v2\/types\/product"}],"replies":[{"embeddable":true,"href":"https:\/\/powerparts.shop\/en\/wp-json\/wp\/v2\/comments?post=5690"}],"wp:featuredmedia":[{"embeddable":true,"href":"https:\/\/powerparts.shop\/en\/wp-json\/wp\/v2\/media\/5684"}],"wp:attachment":[{"href":"https:\/\/powerparts.shop\/en\/wp-json\/wp\/v2\/media?parent=5690"}],"wp:term":[{"taxonomy":"product_cat","embeddable":true,"href":"https:\/\/powerparts.shop\/en\/wp-json\/wp\/v2\/product_cat?post=5690"},{"taxonomy":"product_tag","embeddable":true,"href":"https:\/\/powerparts.shop\/en\/wp-json\/wp\/v2\/product_tag?post=5690"}],"curies":[{"name":"wp","href":"https:\/\/api.w.org\/{rel}","templated":true}]}}