{"id":5528,"date":"2020-06-29T14:56:46","date_gmt":"2020-06-29T13:56:46","guid":{"rendered":"https:\/\/powerparts.shop\/?post_type=product&#038;p=5528"},"modified":"2024-03-18T07:59:31","modified_gmt":"2024-03-18T06:59:31","slug":"5528","status":"publish","type":"product","link":"https:\/\/powerparts.shop\/en\/product\/5528","title":{"rendered":"2 Bremszangen hinten f\u00fcr Porsche 911 RS RSR 917 Turbo 934 935 F \/ G Modelle"},"content":{"rendered":"<p><strong><u>Dieser Satz besteht aus: <\/u><\/strong><\/p>\n<p>zwei Bremszangen f\u00fcr die Hinterachse<\/p>\n<p>1x linke f\u00fcr hinten \u00d8 Kolben: 38mm<\/p>\n<p>1x rechte f\u00fcr hinten \u00d8 Kolben: 38mm<\/p>\n<p>Diese Racing Bremssattel sind aus hochfestem Aluminium mit 4-Kolben Technik in schwarz eloxiert.<\/p>\n<p>Passende Bremsscheiben: Vorn 300 mm \/ 270 mm<\/p>\n<p>Weltweit werden unsere Teile im historischen Rennsport erfolgreich eingesetzt.<\/p>\n<p>Made in Germany<\/p>\n<p>Wir bieten Ihnen ein 14 t\u00e4tiges R\u00fcckgaberecht an.<\/p>\n<p>Wir liefern weltweit.<\/p>\n<p><strong>Der Verkauf erfolgt unter Beachtung der allgemeinen Gesch\u00e4ftsbedingungen.<\/strong><\/p>\n<p>Bremsen \/ Bremse \/ Bremszangen \/ Bremss\u00e4ttel \/ Bremssattel f\u00fcr Porsche 911 RS RSR 917 Turbo 934 935 F \/ G Modelle<\/p>","protected":false},"excerpt":{"rendered":"<p>Dieser Satz besteht aus: zwei Bremszangen f\u00fcr die Hinterachse 1x linke f\u00fcr hinten \u00d8 Kolben: 38mm 1x rechte f\u00fcr hinten \u00d8 Kolben: 38mm Diese Racing Bremssattel sind aus hochfestem Aluminium mit 4-Kolben Technik in schwarz eloxiert. Passende Bremsscheiben: Vorn 300 mm \/ 270 mm Weltweit werden unsere Teile im historischen Rennsport erfolgreich eingesetzt. Made in [&#8230;]<\/p>","protected":false},"featured_media":5415,"comment_status":"open","ping_status":"closed","template":"","meta":[],"product_cat":[19],"product_tag":[],"_links":{"self":[{"href":"https:\/\/powerparts.shop\/en\/wp-json\/wp\/v2\/product\/5528"}],"collection":[{"href":"https:\/\/powerparts.shop\/en\/wp-json\/wp\/v2\/product"}],"about":[{"href":"https:\/\/powerparts.shop\/en\/wp-json\/wp\/v2\/types\/product"}],"replies":[{"embeddable":true,"href":"https:\/\/powerparts.shop\/en\/wp-json\/wp\/v2\/comments?post=5528"}],"wp:featuredmedia":[{"embeddable":true,"href":"https:\/\/powerparts.shop\/en\/wp-json\/wp\/v2\/media\/5415"}],"wp:attachment":[{"href":"https:\/\/powerparts.shop\/en\/wp-json\/wp\/v2\/media?parent=5528"}],"wp:term":[{"taxonomy":"product_cat","embeddable":true,"href":"https:\/\/powerparts.shop\/en\/wp-json\/wp\/v2\/product_cat?post=5528"},{"taxonomy":"product_tag","embeddable":true,"href":"https:\/\/powerparts.shop\/en\/wp-json\/wp\/v2\/product_tag?post=5528"}],"curies":[{"name":"wp","href":"https:\/\/api.w.org\/{rel}","templated":true}]}}