{"id":5118,"date":"2020-06-19T15:49:49","date_gmt":"2020-06-19T14:49:49","guid":{"rendered":"https:\/\/powerparts.shop\/?post_type=product&#038;p=5118"},"modified":"2023-03-29T08:38:53","modified_gmt":"2023-03-29T07:38:53","slug":"kraftstoffleitung-fuer-porsche-911-rsr","status":"publish","type":"product","link":"https:\/\/powerparts.shop\/en\/product\/kraftstoffleitung-fuer-porsche-911-rsr","title":{"rendered":"Benzin Flexible Kraftstoffleitungen \/ Flex Fuel Lines"},"content":{"rendered":"<p>Benzin Flexible Kraftstoffleitungen \/ Flex Fuel Lines<\/p>\n<p>f\u00fcr Porsche 911 T, E, S, ST, RS, RSR, Turbo auf anfrage auch f\u00fcr 934 935 908 917<\/p>\n<p><u>Dieser Satz besteht aus: <\/u><\/p>\n<p>6 Stahl gleiche Flex Hochdruck Kraftstoffleitungen mit gepresste Anschl\u00fcsse, eine Seite gewinkelt eine Seite gerade.<\/p>\n<p>F\u00fcr jede MFI geeignet und haben an jedem Ende die richtigen Anschl\u00fcsse und sind einbaufertig.<\/p>\n<p>Weltweit werden unsere Teile im historischen Rennsport erfolgreich eingesetzt.<\/p>\n<p>Made in Germany<\/p>\n<p>Wir bieten Ihnen ein 14 t\u00e4tiges R\u00fcckgaberecht an.<\/p>\n<p>Wir liefern weltweit.<\/p>\n<p>Der Verkauf erfolgt unter Beachtung der allgemeinen Gesch\u00e4ftsbedingungen.<\/p>\n<p>&nbsp;<\/p>","protected":false},"excerpt":{"rendered":"<p>Benzin Flexible Kraftstoffleitungen \/ Flex Fuel Lines f\u00fcr Porsche 911 T, E, S, ST, RS, RSR, Turbo auf anfrage auch f\u00fcr 934 935 908 917 Dieser Satz besteht aus: 6 Stahl gleiche Flex Hochdruck Kraftstoffleitungen mit gepresste Anschl\u00fcsse, eine Seite gewinkelt eine Seite gerade. F\u00fcr jede MFI geeignet und haben an jedem Ende die richtigen [&#8230;]<\/p>","protected":false},"featured_media":5115,"comment_status":"open","ping_status":"closed","template":"","meta":[],"product_cat":[340],"product_tag":[289,290],"_links":{"self":[{"href":"https:\/\/powerparts.shop\/en\/wp-json\/wp\/v2\/product\/5118"}],"collection":[{"href":"https:\/\/powerparts.shop\/en\/wp-json\/wp\/v2\/product"}],"about":[{"href":"https:\/\/powerparts.shop\/en\/wp-json\/wp\/v2\/types\/product"}],"replies":[{"embeddable":true,"href":"https:\/\/powerparts.shop\/en\/wp-json\/wp\/v2\/comments?post=5118"}],"wp:featuredmedia":[{"embeddable":true,"href":"https:\/\/powerparts.shop\/en\/wp-json\/wp\/v2\/media\/5115"}],"wp:attachment":[{"href":"https:\/\/powerparts.shop\/en\/wp-json\/wp\/v2\/media?parent=5118"}],"wp:term":[{"taxonomy":"product_cat","embeddable":true,"href":"https:\/\/powerparts.shop\/en\/wp-json\/wp\/v2\/product_cat?post=5118"},{"taxonomy":"product_tag","embeddable":true,"href":"https:\/\/powerparts.shop\/en\/wp-json\/wp\/v2\/product_tag?post=5118"}],"curies":[{"name":"wp","href":"https:\/\/api.w.org\/{rel}","templated":true}]}}