{"id":5112,"date":"2020-06-19T15:08:52","date_gmt":"2020-06-19T14:08:52","guid":{"rendered":"https:\/\/powerparts.shop\/?post_type=product&#038;p=5112"},"modified":"2023-03-29T08:36:10","modified_gmt":"2023-03-29T07:36:10","slug":"vorderachse-fuer-porsche-911-st-rs-und-rsr","status":"publish","type":"product","link":"https:\/\/powerparts.shop\/en\/product\/vorderachse-fuer-porsche-911-st-rs-und-rsr","title":{"rendered":"Vorderachstr\u00e4ge, Traverse, Hilfstr\u00e4ger, Front Cross Member"},"content":{"rendered":"<p>Vorderachstr\u00e4ge, Traverse, Hilfstr\u00e4ger, Front Cross Member, Auxiliary support<\/p>\n<p>f\u00fcr Porsche 911, ST 2.5,\u00a0 RS\u00a0 2.7,\u00a0 RSR 2.8,\u00a0 3.0\u00a0 934<\/p>\n<p>Verst\u00e4rkte Ausf\u00fchrung, komplett mit streben<\/p>\n<p>Weltweit werden unsere Teile im historischen Rennsport erfolgreich eingesetzt.<\/p>\n<p>Made in Germany<\/p>\n<p>Wir bieten Ihnen ein 14 t\u00e4tiges R\u00fcckgaberecht an.<\/p>\n<p>Wir liefern weltweit.<\/p>\n<p><strong>Der Verkauf erfolgt unter Beachtung der allgemeinen Gesch\u00e4ftsbedingungen.<\/strong><\/p>","protected":false},"excerpt":{"rendered":"<p>Vorderachstr\u00e4ge, Traverse, Hilfstr\u00e4ger, Front Cross Member, Auxiliary support f\u00fcr Porsche 911, ST 2.5,\u00a0 RS\u00a0 2.7,\u00a0 RSR 2.8,\u00a0 3.0\u00a0 934 Verst\u00e4rkte Ausf\u00fchrung, komplett mit streben Weltweit werden unsere Teile im historischen Rennsport erfolgreich eingesetzt. Made in Germany Wir bieten Ihnen ein 14 t\u00e4tiges R\u00fcckgaberecht an. Wir liefern weltweit. Der Verkauf erfolgt unter Beachtung der allgemeinen Gesch\u00e4ftsbedingungen.<\/p>","protected":false},"featured_media":5654,"comment_status":"open","ping_status":"closed","template":"","meta":[],"product_cat":[259],"product_tag":[],"_links":{"self":[{"href":"https:\/\/powerparts.shop\/en\/wp-json\/wp\/v2\/product\/5112"}],"collection":[{"href":"https:\/\/powerparts.shop\/en\/wp-json\/wp\/v2\/product"}],"about":[{"href":"https:\/\/powerparts.shop\/en\/wp-json\/wp\/v2\/types\/product"}],"replies":[{"embeddable":true,"href":"https:\/\/powerparts.shop\/en\/wp-json\/wp\/v2\/comments?post=5112"}],"wp:featuredmedia":[{"embeddable":true,"href":"https:\/\/powerparts.shop\/en\/wp-json\/wp\/v2\/media\/5654"}],"wp:attachment":[{"href":"https:\/\/powerparts.shop\/en\/wp-json\/wp\/v2\/media?parent=5112"}],"wp:term":[{"taxonomy":"product_cat","embeddable":true,"href":"https:\/\/powerparts.shop\/en\/wp-json\/wp\/v2\/product_cat?post=5112"},{"taxonomy":"product_tag","embeddable":true,"href":"https:\/\/powerparts.shop\/en\/wp-json\/wp\/v2\/product_tag?post=5112"}],"curies":[{"name":"wp","href":"https:\/\/api.w.org\/{rel}","templated":true}]}}