{"id":38,"date":"2020-04-29T15:39:43","date_gmt":"2020-04-29T15:39:43","guid":{"rendered":"https:\/\/powerparts.shop\/?post_type=product&#038;p=38"},"modified":"2024-03-18T08:01:09","modified_gmt":"2024-03-18T07:01:09","slug":"bremssaettel-satz-fuer-porsche-911-930-934-935-rs-rsr-turbo","status":"publish","type":"product","link":"https:\/\/powerparts.shop\/en\/product\/bremssaettel-satz-fuer-porsche-911-930-934-935-rs-rsr-turbo","title":{"rendered":"Bremszangen, Bremss\u00e4ttel Bremsen Bremse Brake Calipers"},"content":{"rendered":"<p>Kompletter Satz Bremszangen\u00a0 f\u00fcr Porsche 911 ST, RS, RSR 917 Turbo 934 935\u00a0 SCRS F \/ G Modelle<\/p>\n<p><strong><u>Dieser Satz besteht aus: <\/u><\/strong><\/p>\n<p>2 Bremszangen linke und rechte f\u00fcr vorne \u00d8 Kolben: 43mm<br \/>\n2 Bremszangen linke und rechte f\u00fcr hinten \u00d8 Kolben: 38mm<\/p>\n<p>Diese Racing Bremssattel sind aus hochfestem Aluminium mit 4-Kolben Technik schwarz eloxiert.<\/p>\n<p>Weltweit werden unsere Teile im historischen Rennsport erfolgreich eingesetzt.<\/p>\n<p>Made in Germany<\/p>\n<p>Wir bieten Ihnen ein 14 t\u00e4tiges R\u00fcckgaberecht an.<\/p>\n<p>Wir liefern weltweit.<\/p>\n<p><strong>Der Verkauf erfolgt unter Beachtung der allgemeinen Gesch\u00e4ftsbedingungen.<\/strong><\/p>","protected":false},"excerpt":{"rendered":"<p>Kompletter Satz Bremszangen\u00a0 f\u00fcr Porsche 911 ST, RS, RSR 917 Turbo 934 935\u00a0 SCRS F \/ G Modelle Dieser Satz besteht aus: 2 Bremszangen linke und rechte f\u00fcr vorne \u00d8 Kolben: 43mm 2 Bremszangen linke und rechte f\u00fcr hinten \u00d8 Kolben: 38mm Diese Racing Bremssattel sind aus hochfestem Aluminium mit 4-Kolben Technik schwarz eloxiert. Weltweit [&#8230;]<\/p>","protected":false},"featured_media":5424,"comment_status":"open","ping_status":"closed","template":"","meta":[],"product_cat":[19],"product_tag":[284],"_links":{"self":[{"href":"https:\/\/powerparts.shop\/en\/wp-json\/wp\/v2\/product\/38"}],"collection":[{"href":"https:\/\/powerparts.shop\/en\/wp-json\/wp\/v2\/product"}],"about":[{"href":"https:\/\/powerparts.shop\/en\/wp-json\/wp\/v2\/types\/product"}],"replies":[{"embeddable":true,"href":"https:\/\/powerparts.shop\/en\/wp-json\/wp\/v2\/comments?post=38"}],"wp:featuredmedia":[{"embeddable":true,"href":"https:\/\/powerparts.shop\/en\/wp-json\/wp\/v2\/media\/5424"}],"wp:attachment":[{"href":"https:\/\/powerparts.shop\/en\/wp-json\/wp\/v2\/media?parent=38"}],"wp:term":[{"taxonomy":"product_cat","embeddable":true,"href":"https:\/\/powerparts.shop\/en\/wp-json\/wp\/v2\/product_cat?post=38"},{"taxonomy":"product_tag","embeddable":true,"href":"https:\/\/powerparts.shop\/en\/wp-json\/wp\/v2\/product_tag?post=38"}],"curies":[{"name":"wp","href":"https:\/\/api.w.org\/{rel}","templated":true}]}}