{"id":5799,"date":"2020-08-03T14:12:59","date_gmt":"2020-08-03T13:12:59","guid":{"rendered":"https:\/\/powerparts.shop\/?page_id=5799"},"modified":"2020-08-03T14:12:59","modified_gmt":"2020-08-03T13:12:59","slug":"datenschutz-2","status":"publish","type":"page","link":"https:\/\/powerparts.shop\/en\/datenschutz-2","title":{"rendered":"Datenschutz"},"content":{"rendered":"<div class=\"cm-asset-headline cm_elem\">\n<h2 class=\"\">Datenschutzerkl\u00e4rung<\/h2>\n<\/div>\n<div class=\"cm-asset-editor cm_elem\">\n<div><\/div>\n<div><strong>Information \u00fcber die Erhebung personenbezogener Daten<\/strong><\/p>\n<p>Wir freuen uns \u00fcber Ihren Besuch auf unserer Website und Ihr Interesse an den dargestellten Angeboten.<br \/>\nWir nehmen den Schutz Ihrer pers\u00f6nlichen Daten in unserer Rolle als f\u00fcr die Datenverarbeitung Verantwortlicher sehr ernst. Internetseiten k\u00f6nnen nur angezeigt werden, wenn zuvor Daten des Besuchers, zumindest die IP-Adresse, \u00fcbertragen werden. Daher m\u00f6chten wir Sie mit dieser Datenschutzerkl\u00e4rung umfassend \u00fcber die Verarbeitung Ihrer personenbezogenen Daten im Rahmen des Besuchs dieser Website informieren. Dazu sind wir zudem gesetzlich verpflichtet. Postalisch erreichen Sie uns unter der Adresse:<\/p>\n<p>Michael Pastorino<br \/>\nHoher Rain 14<br \/>\n78052 Villingen-Schwenningen<\/p><\/div>\n<div>\nWir unterliegen datenschutzrechtlich dem Bundesdatenschutzgesetz (BDSG) i.V.m. der Europ\u00e4ischen Datenschutzgrundverordnung (EU-DSGVO), medienrechtlich dem TMG. Damit sind wir verpflichtet s\u00e4mtliche Informationen und erfasste Daten der Besucher dieser Website zu sch\u00fctzen und vertraulich zu behandeln. Die im Rahmen des Besuchs dieser Website gespeicherten Daten werden ausschlie\u00dflich in der in dieser Datenschutzerkl\u00e4rung beschriebenen Weise verarbeitet.<\/p>\n<p><strong>Personenbezogene Daten<\/strong><br \/>\nPersonenbezogene Daten sind Informationen \u00fcber pers\u00f6nliche oder sachliche Verh\u00e4ltnisse einer bestimmten oder bestimmbaren Person. Dazu geh\u00f6ren Namen und Kontaktdaten, wie Adresse, Telefonnummer, E-Mail-Adresse, sowie sensible Daten, wie zum Beispiel Informationen \u00fcber den Gesundheitszustand aber auch Nutzungsdaten wie Ihre IP-Adresse.<\/p>\n<p><strong>Umfang der Verarbeitung personenbezogener Daten<\/strong><br \/>\nWir erheben und verwenden personenbezogene Daten von Besuchern dieses Internetauftritts grunds\u00e4tzlich nur, soweit dies zur Bereitstellung einer funktionsf\u00e4higen Website sowie unserer Inhalte und Leistungen erforderlich ist. Die Erhebung und Verwendung personenbezogener Daten unserer Nutzer erfolgt regelm\u00e4\u00dfig nur nach Einwilligung des Nutzers. Eine Ausnahme gilt in solchen F\u00e4llen, in denen eine vorherige Einholung einer Einwilligung aus tats\u00e4chlichen Gr\u00fcnden nicht m\u00f6glich ist und die Verarbeitung der Daten durch gesetzliche Vorschriften gestattet ist.<\/p>\n<p><strong>Rechtsgrundlage f\u00fcr die Verarbeitung personenbezogener Daten<\/strong><br \/>\nSoweit wir f\u00fcr Verarbeitungsvorg\u00e4nge personenbezogener Daten eine Einwilligung der betroffenen Person einholen, dient Art.\u00a06 Abs.\u00a01 lit.\u00a0a EU-Datenschutzgrundverordnung (DSGVO) als Rechtsgrundlage.<\/p>\n<p>Bei der Verarbeitung von personenbezogenen Daten, die zur Erf\u00fcllung eines Vertrages, dessen Vertragspartei die betroffene Person ist, erforderlich ist, dient Art.\u00a06 Abs.\u00a01 lit.\u00a0b DSGVO als Rechtsgrundlage. Dies gilt auch f\u00fcr Verarbeitungsvorg\u00e4nge, die zur Durchf\u00fchrung vorvertraglicher Ma\u00dfnahmen erforderlich sind.<\/p>\n<p>Soweit eine Verarbeitung personenbezogener Daten zur Erf\u00fcllung einer rechtlichen Verpflichtung erforderlich ist, der unser Unternehmen unterliegt, dient Art.\u00a06 Abs.\u00a01 lit.\u00a0c DSGVO als Rechtsgrundlage.<\/p>\n<p>F\u00fcr den Fall, dass lebenswichtige Interessen der betroffenen Person oder einer anderen nat\u00fcrlichen Person eine Verarbeitung personenbezogener Daten erforderlich machen, dient Art.\u00a06 Abs.\u00a01 lit.\u00a0d DSGVO als Rechtsgrundlage.<\/p>\n<p>Ist die Verarbeitung zur Wahrung eines berechtigten Interesses unseres Unternehmens oder eines Dritten erforderlich und \u00fcberwiegen die Interessen, Grundrechte und Grundfreiheiten des Betroffenen das erstgenannte Interesse nicht, so dient Art.\u00a06 Abs.\u00a01 lit.\u00a0f DSGVO Rechtsgrundlage f\u00fcr die Verarbeitung.<\/p>\n<p><strong>\u00dcbermittlungen in Drittl\u00e4nder<\/strong><br \/>\nSofern wir Daten in einem Drittland (d.h. au\u00dferhalb der Europ\u00e4ischen Union (EU) oder des Europ\u00e4ischen Wirtschaftsraums (EWR)) verarbeiten oder dies im Rahmen der Inanspruchnahme von Diensten Dritter oder Offenlegung, bzw. \u00dcbermittlung von Daten an Dritte geschieht, erfolgt dies nur, wenn es zur Erf\u00fcllung unserer (vor)vertraglichen Pflichten, auf Grundlage Ihrer Einwilligung, aufgrund einer rechtlichen Verpflichtung oder auf Grundlage unserer berechtigten Interessen geschieht. Vorbehaltlich gesetzlicher oder vertraglicher Erlaubnisse, verarbeiten oder lassen wir die Daten in einem Drittland nur beim Vorliegen der besonderen Voraussetzungen der Art. 44 ff. DSGVO verarbeiten. D.h. die Verarbeitung erfolgt z.B. auf Grundlage besonderer Garantien, wie der offiziell anerkannten Feststellung eines der EU entsprechenden Datenschutzniveaus (z.B. f\u00fcr die USA durch das \u201ePrivacy Shield\u201c) oder Beachtung offiziell anerkannter spezieller vertraglicher Verpflichtungen (so genannte \u201eStandardvertragsklauseln\u201c).<\/p>\n<p><strong>Erfassung allgemeiner Informationen bei Aufruf unserer Website<\/strong><br \/>\nSolange Sie unsere Website lediglich informatorisch nutzen, also ohne Registrierung oder anderweitige Informationens\u00fcbermittlung, erheben wir ausschlie\u00dflich die personenbezogenen Daten, die Ihr Browser an unseren Server \u00fcbermittelt (Logfiles).<br \/>\nInsofern werden mit jedem Zugriff automatisch Informationen durch uns bzw. den Webspace-Provider erfasst. Diese Informationen, auch als Server-Logfiles bezeichnet, sind allgemeiner Natur und erlauben keine R\u00fcckschl\u00fcsse auf Ihre Person.<\/p>\n<p>Erfasst werden unter anderem: Name der Webseite, Sprache, Datei, Datum und Uhrzeit der Anfrage, Zeitzonendifferenz zur Greenwich Mean Time (GMT), jeweils \u00fcbertragene Datenmenge, Webbrowser und Webbrowser-Version, Betriebssystem und dessen Version, der Domainname Ihres Internet-Providers, die sogenannte Referrer-URL (sofern \u00fcbertragen (k\u00f6nnen Nutzer im Brwoser an- und ausschalten) jene Seite, von der aus Sie auf unser Angebot zugegriffen haben), Zugriffsstatus\/HTTP-Statuscode und die IP-Adresse.<\/p>\n<p>Ohne diese Daten w\u00e4re es technisch teils nicht m\u00f6glich, die Inhalte der Webseite auszuliefern und darzustellen. Insofern ist die Erfassung der Daten zwingend notwendig. Dar\u00fcber hinaus verwenden wir die anonymen Informationen f\u00fcr statistische Zwecke. Sie helfen uns bei der Optimierung des Angebots und der Technik. Wir behalten uns zudem das Recht vor, die Log-Files bei Verdacht auf eine rechtswidrige Nutzung unseres Angebotes nachtr\u00e4glich zu kontrollieren.<\/p>\n<p><strong>Registrierfunktion<\/strong><br \/>\nNutzer k\u00f6nnen optional ein Nutzerkonto anlegen. Im Rahmen der Registrierung werden die erforderlichen Pflichtangaben den Nutzern mitgeteilt. Die im Rahmen der Registrierung eingegebenen Daten werden f\u00fcr die Zwecke der Nutzung des Angebotes verwendet. Die Nutzer k\u00f6nnen \u00fcber angebots- oder registrierungsrelevante Informationen, wie \u00c4nderungen des Angebotsumfangs oder technische Umst\u00e4nde per E-Mail informiert werden. Wenn Nutzer ihr Nutzerkonto gek\u00fcndigt haben, werden deren Daten im Hinblick auf das Nutzerkonto gel\u00f6scht, vorbehaltlich deren Aufbewahrung ist aus handels- oder steuerrechtlichen Gr\u00fcnden entspr. Art. 6 Abs. 1 lit. c DSGVO notwendig. Es obliegt den Nutzern, ihre Daten bei erfolgter K\u00fcndigung vor dem Vertragsende zu sichern. Wir sind berechtigt, s\u00e4mtliche w\u00e4hrend der Vertragsdauer gespeicherten Daten des Nutzers unwiederbringlich zu l\u00f6schen.<\/p>\n<p>Im Rahmen der Inanspruchnahme unserer Registrierungs- und Anmeldefunktionen sowie der Nutzung der Nutzerkontos, speichern wird die IP-Adresse und den Zeitpunkt der jeweiligen Nutzerhandlung. Die Speicherung erfolgt auf Grundlage unserer berechtigten Interessen, als auch der Nutzer an Schutz vor Missbrauch und sonstiger unbefugter Nutzung. Eine Weitergabe dieser Daten an Dritte erfolgt grunds\u00e4tzlich nicht, au\u00dfer sie ist zur Verfolgung unserer Anspr\u00fcche erforderlich oder es besteht hierzu besteht eine gesetzliche Verpflichtung gem. Art. 6 Abs. 1 lit. c DSGVO. Die IP-Adressen werden sp\u00e4testens nach 7 Tagen anonymisiert oder gel\u00f6scht.<\/p>\n<p><strong>Cookies<\/strong><br \/>\nSoweit wir Cookies einsetzen werden Sie beim Aufruf unserer Website durch einen Infobanner \u00fcber die Verwendung von Cookies zu Analysezwecken informiert und auf diese Datenschutzerkl\u00e4rung verwiesen. Sie k\u00f6nnen die Speicherung von Cookies \u00fcber Ihre Browsereinstellungen unterbinden, wenn Sie dies w\u00fcnschen.<br \/>\nZus\u00e4tzlich zu den zuvor genannten Daten werden bei Ihrer Nutzung unserer Website Cookies auf Ihrem Rechner gespeichert. Bei Cookies handelt es sich um kleine Textdateien, die auf Ihrer Festplatte dem von Ihnen verwendeten Browser zugeordnet gespeichert werden und durch welche der Stelle, die den Cookie setzt (hier durch uns), bestimmte Informationen zuflie\u00dfen. Sie enthalten Informationen zum Browser, zur IP-Adresse, dem Betriebssystem und zur Internetverbindung. Cookies k\u00f6nnen keine Programme ausf\u00fchren oder Viren auf Ihren Computer \u00fcbertragen. Sie dienen dazu, das Internetangebot insgesamt nutzerfreundlicher und effektiver zu machen. Diese Daten werden von uns nicht an Dritte weitergegeben oder ohne ihre Zustimmung mit personenbezogenen Daten verkn\u00fcpft.<br \/>\nCookies erf\u00fcllen vor allem zwei Aufgaben. Sie helfen uns, Ihnen die Navigation durch unser Angebot zu erleichtern, und erm\u00f6glichen die korrekte Darstellung der Webseite. Sie werden nicht dazu genutzt, Viren einzuschleusen oder Programme zu starten.<\/p>\n<p>Nutzer haben die M\u00f6glichkeit, unser Angebot auch ohne Cookies aufzurufen. Dazu m\u00fcssen im Browser die entsprechenden Einstellungen ge\u00e4ndert werden. Informieren Sie sich bitte \u00fcber die Hilfsfunktion Ihres Browsers, wie Cookies deaktiviert werden. Wir weisen allerdings darauf hin, dass dadurch einige Funktionen dieser Webseite m\u00f6glicherweise beeintr\u00e4chtigt werden und der Nutzungskomfort eingeschr\u00e4nkt wird.<\/p>\n<p><strong>Verarbeitung von Daten bei Kommunikation<\/strong><br \/>\nWenn Sie uns per E-Mail oder \u00fcber ein Kontaktformular Informationen zuleiten, werden die von Ihnen mitgeteilten Daten (Ihre E-Mail-Adresse, ggf. Ihr Name und Ihre Telefonnummer) von uns gespeichert, um Ihre Anfrage zu beantworten. Die personenbezogenen Daten werden dazu gespeichert und bearbeitet. Die in diesem Zusammenhang anfallenden Daten l\u00f6schen wir, nachdem die Speicherung nicht mehr erforderlich ist, oder schr\u00e4nken die Verarbeitung ein, falls gesetzliche Aufbewahrungspflichten bestehen.<\/p>\n<p>Wenn Sie uns eine Bewerbung per E-Mail schreiben, bearbeiten wir anschlie\u00dfend Ihre \u00fcbermittelten Daten ausschlie\u00dflich zur Abwicklung des Bewerbungsverfahrens. Kommt es zu einem Anstellungsverh\u00e4ltnis mit einem Bewerber, speichern wir die \u00fcbermittelten Daten, um die im Rahmen des Besch\u00e4ftigungsverh\u00e4ltnisses erforderlichen T\u00e4tigkeiten durchzuf\u00fchren. Es erhalten ausschlie\u00dflich unsere f\u00fcr die Personalsachbearbeitung zust\u00e4ndigen Mitarbeitenden Zugang zu solchen Bewerberdaten. Kommt kein Anstellungsverh\u00e4ltnis zu Stande, l\u00f6schen wir die Bewerbungsunterlage in der Regel zwei Monate nach Mitteilung der Absage, sofern einer L\u00f6schung kein berechtigtes Interesse entgegensteht.<\/p>\n<p>Falls wir f\u00fcr einzelne Funktionen unseres Angebots auf beauftragte Dienstleister zur\u00fcckgreifen oder Ihre Daten f\u00fcr werbliche Zwecke nutzen m\u00f6chten, werden wir Sie untenstehend im Detail \u00fcber die jeweiligen Vorg\u00e4nge informieren. Dabei nennen wir auch die festgelegten Kriterien der Speicherdauer.<\/p>\n<p><strong>Einbindung von Diensten und Inhalten Dritter<\/strong><br \/>\nEs kann vorkommen, dass innerhalb dieses Onlineangebotes Inhalte Dritter, wie zum Beispiel Videos von YouTube oder Facebook, Kartenmaterial von Google-Maps, RSS-Feeds oder Grafiken von anderen Webseiten eingebunden werden. Dies setzt immer voraus, dass die Anbieter dieser Inhalte (nachfolgend bezeichnet als \u201eDritt-Anbieter\u201c) die IP-Adresse der Nutzer wahrnehmen. Denn ohne die IP-Adresse, k\u00f6nnten sie die Inhalte nicht an den Browser des jeweiligen Nutzers senden. Die IP-Adresse ist damit f\u00fcr die Darstellung dieser Inhalte erforderlich. Wir bem\u00fchen uns nur solche Inhalte zu verwenden, deren jeweilige Anbieter die IP-Adresse lediglich zur Auslieferung der Inhalte verwenden. Jedoch haben wir keinen Einfluss darauf, falls die Dritt-Anbieter die IP-Adresse z.B. f\u00fcr statistische Zwecke speichern. Soweit uns dies bekannt ist, kl\u00e4ren wir die Nutzer dar\u00fcber auf.<\/p>\n<p><strong>Webanalysedienste<\/strong><br \/>\nWir behalten uns vor sogenannte Webanalysedienste einsetzen. Hiermit informieren wir Sie \u00fcber die Datenverarbeitung in diesem Zusammenhang:<\/p>\n<p><u>Verwendung von Google Analytics<\/u><br \/>\nDiese Webseite benutzt Google Analytics, einen Webanalysedienst der Google Inc. (\u201cGoogle\u201d). Google Analytics verwendet sog. \u201cCookies\u201d, Textdateien, die auf Ihrem Computer gespeichert werden und die eine Analyse der Benutzung der Webseite durch Sie erm\u00f6glichen. Die durch die Cookies erzeugten Informationen \u00fcber Ihre Benutzung dieser Webseite werden in der Regel an einen Server von Google in den USA \u00fcbertragen und dort gespeichert. Aufgrund der Aktivierung der IP-Anonymisierung auf diesen Webseiten, wird Ihre IP-Adresse von Google jedoch innerhalb von Mitgliedstaaten der Europ\u00e4ischen Union oder in anderen Vertragsstaaten des Abkommens \u00fcber den Europ\u00e4ischen Wirtschaftsraum zuvor gek\u00fcrzt. Nur in Ausnahmef\u00e4llen wird die volle IP-Adresse an einen Server von Google in den USA \u00fcbertragen und dort gek\u00fcrzt.<br \/>\nIm Auftrag des Betreibers dieser Webseite wird Google diese Informationen benutzen, um Ihre Nutzung der Webseite auszuwerten, um Reports \u00fcber die Webseitenaktivit\u00e4ten zusammenzustellen und um weitere mit der Webseitennutzung und der Internetnutzung verbundene Dienstleistungen gegen\u00fcber dem Webseitenbetreiber zu erbringen. Die im Rahmen von Google Analytics von Ihrem Browser \u00fcbermittelte IP-Adresse wird nicht mit anderen Daten von Google zusammengef\u00fchrt. Sie k\u00f6nnen die Speicherung der Cookies durch eine entsprechende Einstellung Ihrer Browser-Software verhindern. Wir weisen Sie jedoch darauf hin, dass Sie in diesem Fall gegebenenfalls nicht s\u00e4mtliche Funktionen dieser Webseite vollumf\u00e4nglich werden nutzen k\u00f6nnen.<br \/>\nSie k\u00f6nnen dar\u00fcber hinaus die Erfassung der durch das Cookie erzeugten und auf Ihre Nutzung der Webseite bezogenen Daten (inkl. Ihrer IP-Adresse) an Google sowie die Verarbeitung dieser Daten durch Google verhindern, indem sie das unter dem folgenden Link verf\u00fcgbare Browser-Plugin herunterladen und installieren:\u00a0<a href=\"http:\/\/tools.google.com\/dlpage\/gaoptout?hl=de\">Browser Add On zur Deaktivierung von Google Analytics<\/a>.<br \/>\nN\u00e4here Informationen zu Nutzungsbedingungen und Datenschutz finden Sie unter\u00a0<a href=\"http:\/\/www.google.com\/analytics\/terms\/de.html\">http:\/\/www.google.com\/analytics\/terms\/de.html<\/a>\u00a0bzw. unter\u00a0<a href=\"https:\/\/www.google.de\/intl\/de\/policies\/\">https:\/\/www.google.de\/intl\/de\/policies\/<\/a>.<\/p>\n<p><u>Facebook-Pixel, Custom Audiences und Facebook-Conversion<\/u><br \/>\nInnerhalb unseres Onlineangebotes wird aufgrund unserer berechtigten Interessen an Analyse, Optimierung und wirtschaftlichem Betrieb unseres Onlineangebotes und zu diesen Zwecken das sog. &#8222;Facebook-Pixel&#8220; des sozialen Netzwerkes Facebook, welches von der Facebook Inc., 1 Hacker Way, Menlo Park, CA 94025, USA, bzw. falls Sie in der EU ans\u00e4ssig sind, Facebook Ireland Ltd., 4 Grand Canal Square, Grand Canal Harbour, Dublin 2, Irland betrieben wird (&#8222;Facebook&#8220;), eingesetzt.<\/p>\n<p>Facebook ist unter dem Privacy-Shield-Abkommen zertifiziert und bietet hierdurch eine Garantie, das europ\u00e4ische Datenschutzrecht einzuhalten (<a href=\"https:\/\/www.privacyshield.gov\/participant?id=a2zt0000000GnywAAC&amp;status=Active\">https:\/\/www.privacyshield.gov\/participant?id=a2zt0000000GnywAAC&amp;status=Active<\/a>.<\/p>\n<p>Mit Hilfe des Facebook-Pixels ist es Facebook zum einen m\u00f6glich, die Besucher unseres Onlineangebotes als Zielgruppe f\u00fcr die Darstellung von Anzeigen (sog. &#8222;Facebook-Ads&#8220;) zu bestimmen. Dementsprechend setzen wir das Facebook-Pixel ein, um die durch uns geschalteten Facebook-Ads nur solchen Facebook-Nutzern anzuzeigen, die auch ein Interesse an unserem Onlineangebot gezeigt haben oder die bestimmte Merkmale (z.B. Interessen an bestimmten Themen oder Produkten, die anhand der besuchten Webseiten bestimmt werden) aufweisen, die wir an Facebook \u00fcbermitteln (sog. \u201eCustom Audiences\u201c). Mit Hilfe des Facebook-Pixels m\u00f6chten wir auch sicherstellen, dass unsere Facebook-Ads dem potentiellen Interesse der Nutzer entsprechen und nicht bel\u00e4stigend wirken. Mit Hilfe des Facebook-Pixels k\u00f6nnen wir ferner die Wirksamkeit der Facebook-Werbeanzeigen f\u00fcr statistische und Marktforschungszwecke nachvollziehen, in dem wir sehen ob Nutzer nachdem Klick auf eine Facebook-Werbeanzeige auf unsere Website weitergeleitet wurden (sog. \u201eConversion\u201c).<\/p>\n<p>Die Verarbeitung der Daten durch Facebook erfolgt im Rahmen von Facebooks Datenverwendungsrichtlinie. Dementsprechend generelle Hinweise zur Darstellung von Facebook-Ads, in der Datenverwendungsrichtlinie von Facebook: <a href=\"https:\/\/www.facebook.com\/policy.php\">https:\/\/www.facebook.com\/policy.php<\/a>. Spezielle Informationen und Details zum Facebook-Pixel und seiner Funktionsweise erhalten Sie im Hilfebereich von Facebook: <a href=\"https:\/\/www.facebook.com\/business\/help\/651294705016616\">https:\/\/www.facebook.com\/business\/help\/651294705016616<\/a>.<\/p>\n<p>Sie k\u00f6nnen der Erfassung durch den Facebook-Pixel und Verwendung Ihrer Daten zur Darstellung von Facebook-Ads widersprechen. Um einzustellen, welche Arten von Werbeanzeigen Ihnen innerhalb von Facebook angezeigt werden, k\u00f6nnen Sie die von Facebook eingerichtete Seite aufrufen und dort die Hinweise zu den Einstellungen nutzungsbasierter Werbung befolgen: https:\/\/www.facebook.com\/settings?tab=ads. Die Einstellungen erfolgen plattformunabh\u00e4ngig, d.h. sie werden f\u00fcr alle Ger\u00e4te, wie Desktopcomputer oder mobile Ger\u00e4te \u00fcbernommen.<\/p>\n<p>Sie k\u00f6nnen dem Einsatz von Cookies, die der Reichweitenmessung und Werbezwecken dienen, ferner \u00fcber die Deaktivierungsseite der Netzwerkwerbeinitiative (http:\/\/optout.networkadvertising.org\/) und zus\u00e4tzlich die US-amerikanische Webseite (<a href=\"http:\/\/www.aboutads.info\/choices\">http:\/\/www.aboutads.info\/choices<\/a>) oder die europ\u00e4ische Webseite (<a href=\"http:\/\/www.youronlinechoices.com\/uk\/your-ad-choices\/\">http:\/\/www.youronlinechoices.com\/uk\/your-ad-choices\/<\/a>) widersprechen.<\/p>\n<p><strong>Onlinepr\u00e4senzen in sozialen Medien<\/strong><br \/>\nWir unterhalten Onlinepr\u00e4senzen innerhalb sozialer Netzwerke und Plattformen, um mit den dort aktiven Kunden, Interessenten und Nutzern kommunizieren und sie dort \u00fcber unsere Leistungen informieren zu k\u00f6nnen. Beim Aufruf der jeweiligen Netzwerke und Plattformen gelten die Gesch\u00e4ftsbedingungen und die Datenverarbeitungsrichtlinien deren jeweiligen Betreiber.<\/p>\n<p>Soweit nicht anders im Rahmen unserer Datenschutzerkl\u00e4rung angegeben, verarbeiten wir die Daten der Nutzer sofern diese mit uns innerhalb der sozialen Netzwerke und Plattformen kommunizieren, z.B. Beitr\u00e4ge auf unseren Onlinepr\u00e4senzen verfassen oder uns Nachrichten zusenden.<\/p>\n<p><strong>Ihre Rechte<\/strong><br \/>\nSie haben gegen\u00fcber uns folgende Rechte hinsichtlich der Sie betreffenden personenbezogenen Daten:<\/p>\n<p>Recht auf Auskunft, Art. 15 EU-DSGVO<br \/>\nRecht auf Berichtigung oder L\u00f6schung, Art. 16, 17 EU-DSGVO<br \/>\nRecht auf Einschr\u00e4nkung der Verarbeitung, Art. 18 EU-DSGVO<br \/>\nRecht auf Daten\u00fcbertragbarkeit, Art. 20 EU-DSGVO<br \/>\nRecht auf Widerspruch gegen die Verarbeitung, Art. 21 EU-DSGVO<br \/>\nRecht auf Widerruf, Art.7 Abs.3 DSGVO<\/p>\n<p>Um eine Datensperre jederzeit ber\u00fccksichtigen zu k\u00f6nnen, ist es erforderlich, die Daten f\u00fcr Kontrollzwecke in einer Sperrdatei vorzuhalten. Besteht keine gesetzliche Archivierungspflicht, k\u00f6nnen Sie auch die L\u00f6schung der Daten verlangen. Anderenfalls sperren wir die Daten, sofern Sie dies w\u00fcnschen.<\/p>\n<p><strong>Aufsichtsbeh\u00f6rde<\/strong><br \/>\nSie haben das Recht, sich bei der zust\u00e4ndigen Datenschutz-Aufsichtsbeh\u00f6rde (Aufsichtsbeh\u00f6rde) \u00fcber die Verarbeitung Ihrer personenbezogenen Daten durch uns zu beschweren.<br \/>\nWeitere Informationen zum Thema Datenschutz in der Bundesrepublik Deutschland finden Sie zudem unter\u00a0<a href=\"http:\/\/www.bfd.bund.de\">www.bfd.bund.de<\/a>.<\/p>\n<p><strong>Datenminimierung und Speicherbegrenzung<\/strong><br \/>\nPersonenbezogene Daten speichern wir gem\u00e4\u00df den Grunds\u00e4tzen der Datenminimierung und Speicherbegrenzung nur so lange, wie es erforderlich ist oder vom Gesetzgeber her vorgeschrieben wird (gesetzliche Speicherfrist). Entf\u00e4llt der Zweck der erhobenen Informationen oder endet die Speicherfrist, sperren oder l\u00f6schen wir die Daten.<\/p>\n<p><strong>\u00c4nderung der Datenschutzhinweise<\/strong><br \/>\nAufgrund der stetigen Entwicklung neuer Internet-Technologien und \u00c4nderungen geltender Datenschutzbestimmungen wird unsere Datenschutzerkl\u00e4rung im erforderlichen Umfang aktualisiert. Es gilt immer diejenige Datenschutzerkl\u00e4rung, die zum Zeitpunkt des jeweiligen Besuches auf unserer Internetseite abrufbar ist.<\/p>\n<p><strong>SSL-Verschl\u00fcsselung<\/strong><br \/>\nDiese Seite nutzt aus Gr\u00fcnden der Sicherheit und zum Schutz der \u00dcbertragung vertraulicher Inhalte, wie zum Beispiel der Anfragen, die Sie an uns als Seitenbetreiber senden, eine SSL-Verschl\u00fcsselung. Eine verschl\u00fcsselte Verbindung erkennen Sie daran, dass die Adresszeile des Browsers von &#8222;http:\/\/&#8220; auf &#8222;https:\/\/&#8220; wechselt und an dem Schloss-Symbol in Ihrer Browserzeile.<br \/>\nWenn die SSL Verschl\u00fcsselung aktiviert ist, k\u00f6nnen die Daten, die Sie an uns \u00fcbermitteln, nicht von Dritten mitgelesen werden.<\/div>\n<\/div>","protected":false},"excerpt":{"rendered":"<p>Datenschutzerkl\u00e4rung Information \u00fcber die Erhebung personenbezogener Daten Wir freuen uns \u00fcber Ihren Besuch auf unserer Website und Ihr Interesse an den dargestellten Angeboten. Wir nehmen den Schutz Ihrer pers\u00f6nlichen Daten in unserer Rolle als f\u00fcr die Datenverarbeitung Verantwortlicher sehr ernst. Internetseiten k\u00f6nnen nur angezeigt werden, wenn zuvor Daten des Besuchers, zumindest die IP-Adresse, \u00fcbertragen werden. [&#8230;]<\/p>","protected":false},"author":1,"featured_media":0,"parent":0,"menu_order":0,"comment_status":"open","ping_status":"open","template":"","meta":[],"_links":{"self":[{"href":"https:\/\/powerparts.shop\/en\/wp-json\/wp\/v2\/pages\/5799"}],"collection":[{"href":"https:\/\/powerparts.shop\/en\/wp-json\/wp\/v2\/pages"}],"about":[{"href":"https:\/\/powerparts.shop\/en\/wp-json\/wp\/v2\/types\/page"}],"author":[{"embeddable":true,"href":"https:\/\/powerparts.shop\/en\/wp-json\/wp\/v2\/users\/1"}],"replies":[{"embeddable":true,"href":"https:\/\/powerparts.shop\/en\/wp-json\/wp\/v2\/comments?post=5799"}],"version-history":[{"count":2,"href":"https:\/\/powerparts.shop\/en\/wp-json\/wp\/v2\/pages\/5799\/revisions"}],"predecessor-version":[{"id":5801,"href":"https:\/\/powerparts.shop\/en\/wp-json\/wp\/v2\/pages\/5799\/revisions\/5801"}],"wp:attachment":[{"href":"https:\/\/powerparts.shop\/en\/wp-json\/wp\/v2\/media?parent=5799"}],"curies":[{"name":"wp","href":"https:\/\/api.w.org\/{rel}","templated":true}]}}