{"id":56,"date":"2020-04-29T15:56:10","date_gmt":"2020-04-29T15:56:10","guid":{"rendered":"https:\/\/powerparts.shop\/allgemeine_geschaeftsbedingungen"},"modified":"2021-09-30T13:48:54","modified_gmt":"2021-09-30T12:48:54","slug":"allgemeine_geschaeftsbedingungen","status":"publish","type":"page","link":"https:\/\/powerparts.shop\/en\/allgemeine_geschaeftsbedingungen","title":{"rendered":"Allgemeine Gesch\u00e4ftsbedingungen"},"content":{"rendered":"<p>Allgemeine Gesch\u00e4ftsbedingungen der Firma power parts<\/p>\n<ol>\n<li>Allgemeines<\/li>\n<\/ol>\n<p>F\u00fcr die gesamte auch zuk\u00fcnftige Gesch\u00e4ftsverbindung gelten die nachfolgenden Allgemeinen Gesch\u00e4ftsbedingungen, die durch die Auftragserteilung, sp\u00e4testens jedoch durch die Abnahme der Ware anerkannt werden und damit Bestandteil aller mit power parts abgeschlossener Vertr\u00e4ge sind, soweit in diesen Vertr\u00e4gen nicht ausdr\u00fccklich abweichende Regelungen vereinbart werden. M\u00fcndliche Nebenabreden zwischen Verk\u00e4ufer und K\u00e4ufer sind nicht Bestandteil des Vertrages, es sei denn, sie liegen auch in schriftlicher Form vor. Abweichenden Einkaufsbedingungen des K\u00e4ufers widersprechen wir hiermit ausdr\u00fccklich. \u00c4nderungen und Erg\u00e4nzungen dieser AGB bed\u00fcrfen der Schriftform.<\/p>\n<ol start=\"2\">\n<li>Vertragsschluss<\/li>\n<\/ol>\n<p>S\u00e4mtliche Angebote von power parts sind freibleibend und unverbindlich. \u00d6ffentliche \u00c4u\u00dferungen des Verk\u00e4ufers, deren Gehilfen oder Dritter stellen keine die Eigenschaften des Liefergegenstandes erg\u00e4nzenden oder ver\u00e4ndernden Beschreibungen dar.<\/p>\n<p>Die Bestellung des K\u00e4ufers stellt ein bindendes Angebot dar, das wir innerhalb von einer Woche durch Zusendung der Auftragsbest\u00e4tigung oder durch Lieferung der Ware annehmen k\u00f6nnen.<\/p>\n<p>Power parts \u00fcbernimmt kein Beschaffungsrisiko. Wir sind berechtigt, vom Vertrag zur\u00fcckzutreten und dem K\u00e4ufer unverz\u00fcglich \u00fcber die nicht rechtzeitige Verf\u00fcgbarkeit des Liefergegenstandes informieren und, wenn power parts zur\u00fccktreten will, das R\u00fccktrittsrecht unverz\u00fcglich aus\u00fcben. Wir werden dem K\u00e4ufer im Falle des R\u00fccktritts die entsprechende Gegenleistung unverz\u00fcglich erstatten.<\/p>\n<ol start=\"3\">\n<li>R\u00fccktrittsrecht<\/li>\n<\/ol>\n<p>Gem\u00e4\u00df dem Fernabsatzgesetz steht dem Endverbraucher ein Widerrufsrecht innerhalb von 14 Tagen zu. Ware die power parts innerhalb von 14 Tagen mit schriftlicher Anmeldung, originalverpackt und unbesch\u00e4digt zur\u00fcckerhaltet, nehmen wir zur\u00fcck und erstatten den Kaufpreis, dieses gilt jedoch nicht f\u00fcr Sonderanfertigungen!<\/p>\n<ol start=\"4\">\n<li>Preise und Zahlung<\/li>\n<\/ol>\n<p>Alle Preise verstehen sich zuz\u00fcglich der derzeit geltenden gesetzlichen Mehrwertsteuer und zuz\u00fcglich Versandkosten. Die Bezahlung und Lieferung erfolgt per Vorauskasse, oder in ausdr\u00fccklich von power parts bestimmten Ausnahmef\u00e4llen per Nachname.<\/p>\n<ol start=\"5\">\n<li>Lieferung<\/li>\n<\/ol>\n<p>Der Versand erfolgt mit der Deutschen Post \/ Iloxx \/ DPD \/ UPS \/ German Parcel Service \/ per Spedition oder einer anderen kosteng\u00fcnstigen Versandart. Power parts ist zu Teillieferungen berechtigt. Expresssendungen erfolgen nur auf ausdr\u00fccklichen Wunsch des K\u00e4ufers gegen Aufpreis. Der Versand erfolgt auf Rechnung und Gefahr des K\u00e4ufers. Die Gefahr geht mit der Absendung der Ware auf den K\u00e4ufer \u00fcber. Postpakete sind bis 500,\u2013 EURO transportversichert, eine weitergehende Versicherung wird nur auf ausdr\u00fccklichen Wunsch des K\u00e4ufers veranlasst.<br \/>\nNach Erhalt des Paketes mu\u00df der K\u00e4ufer dieses sofort auf \u00e4u\u00dferliche Sch\u00e4den \u00fcberpr\u00fcfen. Die Pr\u00fcfung gilt auch f\u00fcr den Inhalt des Paketes. Wenn Sch\u00e4den vorhanden sind, m\u00fcssen diese sofort und unverz\u00fcglich dem Paketdienstfahrer gemeldet und schriftlich niedergelegt werden. Transportsch\u00e4den sind unverz\u00fcglich auch dem jeweiligen Transportunternehmen zu melden und mit diesem abzurechnen!<\/p>\n<ol start=\"6\">\n<li>Lieferzeit, Verpackung und Versand<\/li>\n<\/ol>\n<p>Alle angegebene Lieferzeiten sind unverbindlich. Versp\u00e4tete Lieferungen berechtigen nicht zur Aufhebung des Vertrages oder zur Stellung von Schadenersatzanspr\u00fcchen. Der K\u00e4ufer hat jedoch das Recht, nach Ablauf der angegebenen Lieferzeit eine angemessene Frist zu setzen und nach fruchtlosem Ablauf dieser Frist vom Vertrag zur\u00fcckzutreten, sofern bis dahin die Lieferung nicht erfolgt oder versandbereit gemeldet worden ist. Mittelbare Sch\u00e4den werden grunds\u00e4tzlich nicht ersetzt. Unvorhergesehene Ereignisse, die von power parts nicht zu vertreten sind, wie z.B. Betriebsst\u00f6rungen aller Art, h\u00f6here Gewalt, Lieferverz\u00f6gerungen von Unterlieferanten usw. verl\u00e4ngern die Lieferzeit angemessen und zwar auch dann, wenn die angegebene Lieferzeit bereits abgelaufen ist. In diesen F\u00e4llen sind wir auch berechtigt vom Vertrag zur\u00fcckzutreten. Ein Ersatz des durch die verz\u00f6gerte Lieferung entstandenen Schadens wird nicht gew\u00e4hrt.<\/p>\n<p>Die Verpackung wird zu Selbstkosten berechnet und wird nicht zur\u00fcckgenommen. Die Verpackung erfolgt mangels besonderer Weisungen nach dem besten Ermessen. Die \u00dcbernahme der Ware durch UPS, Bahn, Post, Spediteure oder sonstige Transportunternehmen ohne Beanstandung gilt als Best\u00e4tigung der einwandfreien Beschaffenheit der Verpackung und Ware bei Absendung und schlie\u00dft jede Haftung von uns gegen nicht sachgem\u00e4\u00dfe Verpackung oder Verladung sowie unterwegs entstandene Verluste oder Besch\u00e4digungen aus.<\/p>\n<ol start=\"7\">\n<li>Eigentumsvorbehalt<\/li>\n<\/ol>\n<p>Die gelieferte Ware bleibt bis zur vollst\u00e4ndigen Erf\u00fcllung aller unserer &#8211; auch vorheriger Forderungen &#8211; Eigentum von power parts. Bei Bezahlung durch Schecks oder Wechsel bleibt sie bis zur Einl\u00f6sung des Schecks oder Wechsels unser Eigentum. Bei laufender Rechnung gilt ein Vorbehaltseigentum als Sicherung f\u00fcr unsere Saldoforderung. Das Eigentum geht erst dann auf den K\u00e4ufer \u00fcber, wenn alle unsere Forderungen gegen\u00fcber dem K\u00e4ufer durch diesen erf\u00fcllt wurden. F\u00fcr die Zeit des Eigentumsvorbehalts ist der K\u00e4ufer verpflichtet die gelieferten Waren in ordnungsgem\u00e4\u00dfem Zustand zu halten und f\u00fcr uns zu verwahren. Er darf sie bis zur vollst\u00e4ndigen Bezahlung weder verpf\u00e4nden noch als Sicherung gegen\u00fcber Dritten benutzen. Der K\u00e4ufer ist verpflichtet uns von jeder Beeintr\u00e4chtigung unserer Rechte unverz\u00fcglich zu benachrichtigen. F\u00fcr Verlust der Ware haftet der K\u00e4ufer auch, wenn dieser ohne Verschulden des K\u00e4ufers eintritt. Nicht bezahlte, gelieferte Ware darf im regelm\u00e4\u00dfigen Gesch\u00e4ftsverkehr nur unter Beachtung unseres Eigentumsvorbehalts und mit unserer schriftlichen Genehmigung weiter ver\u00e4u\u00dfert werden.<\/p>\n<ol start=\"8\">\n<li>Gew\u00e4hrleistung<\/li>\n<\/ol>\n<p>Alle angebotenen Teile, sind ausschlie\u00dflich f\u00fcr den Rennsport konzipiert und unterliegen somit keinerlei Gew\u00e4hrleistung!<br \/>\nReklamationen sind innerhalb von acht Tagen nach Wareneingang schriftlich zu erheben!<br \/>\nDa power parts nahezu ausschlie\u00dflich Rennsportteile sowie historische Gebrauchtteile anbietet, sind alle Teile die nicht ausdr\u00fccklich mit &#8222;T\u00dcV-Gutachten oder ABE\u00b4\u00b4 gekennzeichnet sind, Rennsportteile und damit nicht f\u00fcr den \u00f6ffentlichen Stra\u00dfenverkehr geeignet! Durch den Einsatz von Rennsportteilen entf\u00e4llt die Betriebserlaubnis und der Versicherungsschutz!<br \/>\nRennsportteile sind Spezialteile! Durch die hohe Beanspruchung kann keinerlei Garantie \u00fcbernommen werden!<br \/>\nWir weisen ausdr\u00fccklich darauf hin, dass Rennsportteile durch die im Rennbetrieb au\u00dfergew\u00f6hnlich hohe Beanspruchung und Belastung schadhaft werden k\u00f6nnen, was zu Unf\u00e4llen f\u00fchren kann!<br \/>\nDer K\u00e4ufer versichert, dieses Risiko zu kennen und hieraus keinerlei Schadensanspr\u00fcche oder Gew\u00e4hrleistungsanspr\u00fcche gegen\u00fcber power parts geltend zu machen!<\/p>\n<ol start=\"9\">\n<li>Disclaimer<\/li>\n<\/ol>\n<p>Die Verwendung der Begriffe &#8222;Porsche&#8220; oder anderer Marken-Firmennamen dient der Beschreibung der Teile und stellt in keinem Fall eine direkte oder indirekte Verbindung zu den genannten Unternehmen dar.<br \/>\nDie Bilder und die dazugeh\u00f6renden Texte auf dieser Internetseite, dienen zur Veranschaulichung des Angebots, so k\u00f6nnen Bilder vom Original abweichen und Texte z.B. Fehler enthalten! power parts \u00fcbernimt\u00a0 keinerlei Gew\u00e4hr \u00fcber Korrektheit, Qualit\u00e4t oder Aktualit\u00e4t der bereit gestellten Informationen! Haftungsanspr\u00fcche jeglicher Art in Bezug auf Inhalte dieser Internetseite, gegen power parts, sind ausgeschlossen!<\/p>\n<ol start=\"10\">\n<li>Datenschutz<\/li>\n<\/ol>\n<p>Ohne die ausdr\u00fcckliche Zustimmung des K\u00e4ufers werden dessen Daten nur zur Abwicklung der Bestellung verwendet und im Rahmen der Gesch\u00e4ftsbeziehung automatisiert gespeichert. Eine Weitergabe der Kundendaten erfolgt allein im Rahmen der Auftragsabwicklung. Ansonsten werden die Daten streng vertraulich behandelt und Dritten nicht zug\u00e4nglich gemacht.<\/p>\n<ol start=\"11\">\n<li>Geltendes Recht<\/li>\n<\/ol>\n<p>F\u00fcr die rechtliche Beziehung zwischen dem K\u00e4ufer und power parts gilt allein das Recht der Bundesrepublik Deutschland unter Ausschluss anderer nationaler Rechte sowie des internationalen Kaufrechtes.<\/p>\n<ol start=\"12\">\n<li>Erf\u00fcllungsort, Gerichtsstand, Rechtswahl<\/li>\n<\/ol>\n<p>Erf\u00fcllungsort und Gerichtsstand f\u00fcr s\u00e4mtliche Anspr\u00fcche aus dem Vertragsverh\u00e4ltnis und alle sich im Zusammenhang mit der Gesch\u00e4ftsbeziehung ergebenden Streitigkeiten ist der Sitz der Firma power parts in 78052 Villingen-Schwenningen.<\/p>\n<ol start=\"13\">\n<li>Salvatorische Klausel<\/li>\n<\/ol>\n<p>Sollte eine Klausel dieser AGB unwirksam sein, bleibt die Wirksamkeit der \u00fcbrigen Bedingungen unber\u00fchrt.<\/p>","protected":false},"excerpt":{"rendered":"<p>Allgemeine Gesch\u00e4ftsbedingungen der Firma power parts Allgemeines F\u00fcr die gesamte auch zuk\u00fcnftige Gesch\u00e4ftsverbindung gelten die nachfolgenden Allgemeinen Gesch\u00e4ftsbedingungen, die durch die Auftragserteilung, sp\u00e4testens jedoch durch die Abnahme der Ware anerkannt werden und damit Bestandteil aller mit power parts abgeschlossener Vertr\u00e4ge sind, soweit in diesen Vertr\u00e4gen nicht ausdr\u00fccklich abweichende Regelungen vereinbart werden. M\u00fcndliche Nebenabreden zwischen Verk\u00e4ufer [&#8230;]<\/p>","protected":false},"author":1,"featured_media":0,"parent":0,"menu_order":0,"comment_status":"closed","ping_status":"open","template":"","meta":[],"_links":{"self":[{"href":"https:\/\/powerparts.shop\/en\/wp-json\/wp\/v2\/pages\/56"}],"collection":[{"href":"https:\/\/powerparts.shop\/en\/wp-json\/wp\/v2\/pages"}],"about":[{"href":"https:\/\/powerparts.shop\/en\/wp-json\/wp\/v2\/types\/page"}],"author":[{"embeddable":true,"href":"https:\/\/powerparts.shop\/en\/wp-json\/wp\/v2\/users\/1"}],"replies":[{"embeddable":true,"href":"https:\/\/powerparts.shop\/en\/wp-json\/wp\/v2\/comments?post=56"}],"version-history":[{"count":3,"href":"https:\/\/powerparts.shop\/en\/wp-json\/wp\/v2\/pages\/56\/revisions"}],"predecessor-version":[{"id":5978,"href":"https:\/\/powerparts.shop\/en\/wp-json\/wp\/v2\/pages\/56\/revisions\/5978"}],"wp:attachment":[{"href":"https:\/\/powerparts.shop\/en\/wp-json\/wp\/v2\/media?parent=56"}],"curies":[{"name":"wp","href":"https:\/\/api.w.org\/{rel}","templated":true}]}}