{"id":50,"date":"2020-04-29T15:56:10","date_gmt":"2020-04-29T15:56:10","guid":{"rendered":"https:\/\/powerparts.shop\/versand__lieferung"},"modified":"2020-08-03T14:23:51","modified_gmt":"2020-08-03T13:23:51","slug":"versand__lieferung","status":"publish","type":"page","link":"https:\/\/powerparts.shop\/en\/versand__lieferung","title":{"rendered":"Versand &#038; Lieferung"},"content":{"rendered":"<div class=\"modal fade in\" tabindex=\"-1\" data-keyboard=\"true\">\n<div class=\"modal-dialog modal-lg\">\n<div class=\"modal-content\">\n<section class=\"tmp-modal-content\">\n<div class=\"modal-body\">\n<p><strong>Preise, Versandkosten und Lieferinformationen<\/strong><\/p>\n<p>Die auf den Produktseiten genannten Preise sind Netto Preise, z.Z. Geltende Gesetzliche Mehrwertsteuer und sonstige Preisbestandteile.<\/p>\n<p>Wir Liefern Weltweit.<\/p>\n<p>Zus\u00e4tzlich zu den angegebenen Preisen berechnen wir die Versandkosten, die werden Ihnen im Warenkorbsystem und auf der Bestellseite nochmals deutlich mitgeteilt.<\/p>\n<p>F\u00fcr digitale Inhalte (E-Books, Software, etc.) fallen keine Versandkosten an.<\/p>\n<p><big>Unser Versanddienstleister ist UPS, DHL .<\/big><\/p>\n<p><big>Die Versandkosten betragen pro Paket f\u00fcr:<\/big><\/p>\n<p><u><strong>Deutschland:<\/strong><\/u><br \/>\nPaket Versand:<strong>\u00a0 \u00a0 \u00a0 \u00a0 \u00a0 <\/strong>0 EUR<\/p>\n<p><u><strong>Europ\u00e4ische Union:<\/strong><\/u><\/p>\n<p>Belgien, D\u00e4nemark, Estland, Finnland, Frankreich, Griechenland, Grossbritannien, Niederlande, Italien, Irland, Kroatien, Lettland, Litauen, Luxemburg, Malta, \u00d6sterreich, Polen, Portugal, Rum\u00e4nien, Schweden, Slowakei, Slowenien, Spanien, Tschechien, Ungarn, Zypern<\/p>\n<p>Paket Versand:\u00a0 \u00a0 \u00a0 \u00a0 \u00a068 EUR<\/p>\n<p><u><strong>Rest der Welt:<\/strong><\/u><\/p>\n<p>Paket Versand :\u00a0 \u00a0 \u00a0 \u00a0190 EUR<\/p>\n<p>*In die Schweiz liefern wir rein netto ohne Deutsche Umsatzsteuer. Bitte beachten Sie das Sie die Umsatzsteuer in der Schweiz bezahlen m\u00fcssen.<\/p>\n<p>Bei Lieferungen in L\u00e4nder au\u00dferhalb der EU k\u00f6nnen ggf. Zusatzkosten in Form von Z\u00f6llen oder Einfuhrsteuern anfallen, die von Ihnen selbst zu tragen sind.<\/p>\n<p>Die Versandkostenermittlung steht Ihnen nur zur Verf\u00fcgung, wenn Sie etwas im Warenkorb haben.<\/p>\n<\/div>\n<\/section>\n<\/div>\n<\/div>\n<\/div>","protected":false},"excerpt":{"rendered":"<p>Preise, Versandkosten und Lieferinformationen Die auf den Produktseiten genannten Preise sind Netto Preise, z.Z. Geltende Gesetzliche Mehrwertsteuer und sonstige Preisbestandteile. Wir Liefern Weltweit. Zus\u00e4tzlich zu den angegebenen Preisen berechnen wir die Versandkosten, die werden Ihnen im Warenkorbsystem und auf der Bestellseite nochmals deutlich mitgeteilt. F\u00fcr digitale Inhalte (E-Books, Software, etc.) fallen keine Versandkosten an. Unser [&#8230;]<\/p>","protected":false},"author":1,"featured_media":0,"parent":0,"menu_order":0,"comment_status":"closed","ping_status":"open","template":"","meta":[],"_links":{"self":[{"href":"https:\/\/powerparts.shop\/en\/wp-json\/wp\/v2\/pages\/50"}],"collection":[{"href":"https:\/\/powerparts.shop\/en\/wp-json\/wp\/v2\/pages"}],"about":[{"href":"https:\/\/powerparts.shop\/en\/wp-json\/wp\/v2\/types\/page"}],"author":[{"embeddable":true,"href":"https:\/\/powerparts.shop\/en\/wp-json\/wp\/v2\/users\/1"}],"replies":[{"embeddable":true,"href":"https:\/\/powerparts.shop\/en\/wp-json\/wp\/v2\/comments?post=50"}],"version-history":[{"count":3,"href":"https:\/\/powerparts.shop\/en\/wp-json\/wp\/v2\/pages\/50\/revisions"}],"predecessor-version":[{"id":5783,"href":"https:\/\/powerparts.shop\/en\/wp-json\/wp\/v2\/pages\/50\/revisions\/5783"}],"wp:attachment":[{"href":"https:\/\/powerparts.shop\/en\/wp-json\/wp\/v2\/media?parent=50"}],"curies":[{"name":"wp","href":"https:\/\/api.w.org\/{rel}","templated":true}]}}